{"id":10,"date":"2019-12-02T12:05:15","date_gmt":"2019-12-02T12:05:15","guid":{"rendered":"https:\/\/jupiterx.artbees.net\/mobile-repair\/?page_id=10"},"modified":"2025-06-16T10:42:01","modified_gmt":"2025-06-16T08:42:01","slug":"about-us","status":"publish","type":"page","link":"https:\/\/neu.marien-apotheke-dalum.de\/?page_id=10","title":{"rendered":"\u00dcber uns"},"content":{"rendered":"\t\t<div data-elementor-type=\"wp-page\" data-elementor-id=\"10\" class=\"elementor elementor-10\">\n\t\t\t\t\t\t<section class=\"elementor-section elementor-top-section elementor-element elementor-element-b6e5097 elementor-section-height-min-height elementor-section-items-stretch elementor-section-stretched elementor-section-boxed elementor-section-height-default\" data-id=\"b6e5097\" data-element_type=\"section\" data-e-type=\"section\" data-settings=\"{&quot;background_background&quot;:&quot;slideshow&quot;,&quot;shape_divider_bottom&quot;:&quot;triangle-asymmetrical&quot;,&quot;shape_divider_bottom_negative&quot;:&quot;yes&quot;,&quot;background_slideshow_gallery&quot;:[{&quot;id&quot;:1074,&quot;url&quot;:&quot;https:\\\/\\\/neu.marien-apotheke-dalum.de\\\/wp-content\\\/uploads\\\/2021\\\/11\\\/Lager-Erika-Scharfherde-Archiv-Dalumer-Geschichte-scaled.jpg&quot;},{&quot;id&quot;:1073,&quot;url&quot;:&quot;https:\\\/\\\/neu.marien-apotheke-dalum.de\\\/wp-content\\\/uploads\\\/2021\\\/11\\\/Kath.Volksschule-Dalum-1930-Archiv-Geschichte-Dalum.jpg&quot;},{&quot;id&quot;:1066,&quot;url&quot;:&quot;https:\\\/\\\/neu.marien-apotheke-dalum.de\\\/wp-content\\\/uploads\\\/2021\\\/11\\\/Christus-Koenig-Kirche-1957-Archiv-Geschichte-Dalum.jpg&quot;},{&quot;id&quot;:1065,&quot;url&quot;:&quot;https:\\\/\\\/neu.marien-apotheke-dalum.de\\\/wp-content\\\/uploads\\\/2021\\\/11\\\/233-Emsbruecke-Geeste-Dalum-1937-Archuv-Geschichte-Dalum-scaled.jpg&quot;},{&quot;id&quot;:1064,&quot;url&quot;:&quot;https:\\\/\\\/neu.marien-apotheke-dalum.de\\\/wp-content\\\/uploads\\\/2021\\\/11\\\/051-Bortuerme-Dalum-Archiv-Gechichte-Dalum.jpg&quot;},{&quot;id&quot;:1063,&quot;url&quot;:&quot;https:\\\/\\\/neu.marien-apotheke-dalum.de\\\/wp-content\\\/uploads\\\/2021\\\/11\\\/036-Gastsaette-Schwieters-Lammers-1-scaled.jpg&quot;},{&quot;id&quot;:1062,&quot;url&quot;:&quot;https:\\\/\\\/neu.marien-apotheke-dalum.de\\\/wp-content\\\/uploads\\\/2021\\\/11\\\/035-Am-Lager-Foto-Irmscher-Archiv-Geschichte-Dalum-scaled.jpg&quot;},{&quot;id&quot;:1061,&quot;url&quot;:&quot;https:\\\/\\\/neu.marien-apotheke-dalum.de\\\/wp-content\\\/uploads\\\/2021\\\/11\\\/030-Plagge-Angela-und-Hermann-Plagge-Archiv-Geschichte-Dalum-scaled.jpg&quot;},{&quot;id&quot;:1060,&quot;url&quot;:&quot;https:\\\/\\\/neu.marien-apotheke-dalum.de\\\/wp-content\\\/uploads\\\/2021\\\/11\\\/0_052-Emsbruecke-bei-Dalum-1930-Foto-v.Korte_Archiv-Geschichte-Dalum-scaled.jpg&quot;}],&quot;stretch_section&quot;:&quot;section-stretched&quot;,&quot;background_slideshow_loop&quot;:&quot;yes&quot;,&quot;background_slideshow_slide_duration&quot;:5000,&quot;background_slideshow_slide_transition&quot;:&quot;fade&quot;,&quot;background_slideshow_transition_duration&quot;:500}\">\n\t\t\t\t\t\t\t<div class=\"elementor-background-overlay\"><\/div>\n\t\t\t\t\t\t<div class=\"elementor-shape elementor-shape-bottom\" aria-hidden=\"true\" data-negative=\"true\">\n\t\t\t<svg xmlns=\"http:\/\/www.w3.org\/2000\/svg\" viewBox=\"0 0 1000 100\" preserveAspectRatio=\"none\">\n\t<path class=\"elementor-shape-fill\" d=\"M737.9,94.7L0,0v100h1000V0L737.9,94.7z\"\/>\n<\/svg>\t\t<\/div>\n\t\t\t\t\t<div class=\"elementor-container elementor-column-gap-default\">\n\t\t\t\t\t<div class=\"elementor-column elementor-col-100 elementor-top-column elementor-element elementor-element-6f1ab90\" data-id=\"6f1ab90\" data-element_type=\"column\" data-e-type=\"column\">\n\t\t\t<div class=\"elementor-widget-wrap elementor-element-populated\">\n\t\t\t\t\t\t<div class=\"elementor-element elementor-element-bc17bde elementor-mobile-align-center elementor-absolute elementor-align-left elementor-widget elementor-widget-raven-heading\" data-id=\"bc17bde\" data-element_type=\"widget\" data-e-type=\"widget\" data-settings=\"{&quot;_position&quot;:&quot;absolute&quot;}\" data-widget_type=\"raven-heading.default\">\n\t\t\t\t<div class=\"elementor-widget-container\">\n\t\t\t\t\t\t\t<div class=\"raven-widget-wrapper\"><h1 class=\"raven-heading raven-heading-h1\"><span class=\"raven-heading-title \">\u00dcber uns<\/span><\/h1><\/div>\r\n\t\t\t\t\t\t<\/div>\n\t\t\t\t<\/div>\n\t\t\t\t\t<\/div>\n\t\t<\/div>\n\t\t\t\t\t<\/div>\n\t\t<\/section>\n\t\t\t\t<section class=\"elementor-section elementor-top-section elementor-element elementor-element-629fd4f elementor-section-boxed elementor-section-height-default elementor-section-height-default\" data-id=\"629fd4f\" data-element_type=\"section\" data-e-type=\"section\" data-settings=\"{&quot;background_background&quot;:&quot;classic&quot;}\">\n\t\t\t\t\t\t<div class=\"elementor-container elementor-column-gap-default\">\n\t\t\t\t\t<div class=\"elementor-column elementor-col-50 elementor-top-column elementor-element elementor-element-6b9f9ae\" data-id=\"6b9f9ae\" data-element_type=\"column\" data-e-type=\"column\">\n\t\t\t<div class=\"elementor-widget-wrap elementor-element-populated\">\n\t\t\t\t\t\t<div class=\"elementor-element elementor-element-6c35e76 elementor-widget elementor-widget-text-editor\" data-id=\"6c35e76\" data-element_type=\"widget\" data-e-type=\"widget\" data-widget_type=\"text-editor.default\">\n\t\t\t\t<div class=\"elementor-widget-container\">\n\t\t\t\t\t\t\t\t\t<p>Die Marien-Apotheke wurde 1958 von Apotheker Rudolf Brenken gegr\u00fcndet, dem Gro\u00dfvater der heutigen Inhaberin, Apothekerin Christine W\u00f6ste. Seit mehr als sechs Jahrzehnten ist die Apotheke im Ortskern von Dalum ein fester Bestandteil der Gesundheitsversorgung in der Region. Wir verstehen uns als Ansprechpartner f\u00fcr alle, die Rat und Unterst\u00fctzung in Gesundheitsfragen suchen \u2013 sei es bei der Behandlung von akuten Beschwerden, der langfristigen Gesunderhaltung oder bei der Beratung zu Arzneimitteln.<\/p><p>Unser Anspruch ist es, Ihnen nicht nur eine hochwertige pharmazeutische Versorgung zu bieten, sondern auch als kompetenter Partner f\u00fcr Ihre Gesundheit an Ihrer Seite zu stehen. Dabei legen wir gro\u00dfen Wert auf eine pers\u00f6nliche Beratung und kontinuierliche Weiterentwicklung. Unser Team bildet sich regelm\u00e4\u00dfig fort, um Sie stets mit aktuellen Informationen und innovativen L\u00f6sungen unterst\u00fctzen zu k\u00f6nnen. Qualit\u00e4t ist bei uns nicht nur ein Wort \u2013 wir leben es t\u00e4glich durch unser engagiertes Qualit\u00e4tsmanagement.<\/p><p>Mit dem Einzug eines modernen Warenautomaten Anfang 2024 haben wir einen weiteren Schritt in Richtung Zukunft gemacht. Der Automat optimiert unser Warenlager und erm\u00f6glicht eine noch schnellere und pr\u00e4zisere Versorgung. Dadurch k\u00f6nnen wir Ihre Bestellungen effizienter bearbeiten und sicherstellen, dass wir stets die ben\u00f6tigten Arzneimittel f\u00fcr Sie vorr\u00e4tig haben.<\/p><p>Ein wichtiger Bestandteil unseres Service ist die enge Zusammenarbeit mit unserer Partnerapotheke. Durch die gemeinsamen Synergieeffekte, wie etwa ein gemeinsames Warenlager, betriebsinterne Schulungen und Botendienste, k\u00f6nnen wir Ihnen ein noch breiteres Angebot und einen verbesserten Service bieten \u2013 ganz nach dem Motto: \u201eGemeinsam sind wir st\u00e4rker.\u201c<\/p><p>Egal, ob Sie Fragen zu Medikamenten haben, eine individuelle Beratung w\u00fcnschen oder Unterst\u00fctzung bei der Vorsorge suchen \u2013 das Team der Marien-Apotheke ist f\u00fcr Sie da und freut sich darauf, Sie auf Ihrem Weg zu besserer Gesundheit zu begleiten.<\/p><p><b>Ihr Team der Marien-Apotheke<\/b><\/p>\t\t\t\t\t\t\t\t<\/div>\n\t\t\t\t<\/div>\n\t\t\t\t\t<\/div>\n\t\t<\/div>\n\t\t\t\t<div class=\"elementor-column elementor-col-50 elementor-top-column elementor-element elementor-element-75163c8\" data-id=\"75163c8\" data-element_type=\"column\" data-e-type=\"column\">\n\t\t\t<div class=\"elementor-widget-wrap elementor-element-populated\">\n\t\t\t\t\t\t<div class=\"elementor-element elementor-element-53606c9 elementor-widget elementor-widget-spacer\" data-id=\"53606c9\" data-element_type=\"widget\" data-e-type=\"widget\" data-widget_type=\"spacer.default\">\n\t\t\t\t<div class=\"elementor-widget-container\">\n\t\t\t\t\t\t\t<div class=\"elementor-spacer\">\n\t\t\t<div class=\"elementor-spacer-inner\"><\/div>\n\t\t<\/div>\n\t\t\t\t\t\t<\/div>\n\t\t\t\t<\/div>\n\t\t\t\t<div class=\"elementor-element elementor-element-ed3e516 elementor-widget elementor-widget-image\" data-id=\"ed3e516\" data-element_type=\"widget\" data-e-type=\"widget\" data-widget_type=\"image.default\">\n\t\t\t\t<div class=\"elementor-widget-container\">\n\t\t\t\t\t\t\t\t\t\t\t\t\t\t\t<img decoding=\"async\" width=\"135\" height=\"132\" src=\"https:\/\/neu.marien-apotheke-dalum.de\/wp-content\/uploads\/2022\/02\/Logo.jpg\" class=\"attachment-large size-large wp-image-1242\" alt=\"\" \/>\t\t\t\t\t\t\t\t\t\t\t\t\t\t\t<\/div>\n\t\t\t\t<\/div>\n\t\t\t\t<div class=\"elementor-element elementor-element-d25dfec elementor-widget elementor-widget-text-editor\" data-id=\"d25dfec\" data-element_type=\"widget\" data-e-type=\"widget\" data-widget_type=\"text-editor.default\">\n\t\t\t\t<div class=\"elementor-widget-container\">\n\t\t\t\t\t\t\t\t\t<p style=\"text-align: right;\"><em>Fotos: <\/em><span class=\"mvp-feat-caption\">AG Dalumer Geschichte<\/span><\/p>\t\t\t\t\t\t\t\t<\/div>\n\t\t\t\t<\/div>\n\t\t\t\t\t<\/div>\n\t\t<\/div>\n\t\t\t\t\t<\/div>\n\t\t<\/section>\n\t\t\t\t<section class=\"elementor-section elementor-top-section elementor-element elementor-element-325b5ea elementor-section-boxed elementor-section-height-default elementor-section-height-default\" data-id=\"325b5ea\" data-element_type=\"section\" data-e-type=\"section\">\n\t\t\t\t\t\t<div class=\"elementor-container elementor-column-gap-default\">\n\t\t\t\t\t<div class=\"elementor-column elementor-col-100 elementor-top-column elementor-element elementor-element-5ffda32\" data-id=\"5ffda32\" data-element_type=\"column\" data-e-type=\"column\">\n\t\t\t<div class=\"elementor-widget-wrap elementor-element-populated\">\n\t\t\t\t\t\t<div class=\"elementor-element elementor-element-aa7f0cc elementor-widget elementor-widget-spacer\" data-id=\"aa7f0cc\" data-element_type=\"widget\" data-e-type=\"widget\" data-widget_type=\"spacer.default\">\n\t\t\t\t<div class=\"elementor-widget-container\">\n\t\t\t\t\t\t\t<div class=\"elementor-spacer\">\n\t\t\t<div class=\"elementor-spacer-inner\"><\/div>\n\t\t<\/div>\n\t\t\t\t\t\t<\/div>\n\t\t\t\t<\/div>\n\t\t\t\t\t<\/div>\n\t\t<\/div>\n\t\t\t\t\t<\/div>\n\t\t<\/section>\n\t\t\t\t<\/div>\n\t\t","protected":false},"excerpt":{"rendered":"<p>\u00dcber uns Die Marien-Apotheke wurde 1958 von Apotheker Rudolf Brenken gegr\u00fcndet, dem Gro\u00dfvater der heutigen Inhaberin, Apothekerin Christine W\u00f6ste. Seit mehr als sechs Jahrzehnten ist die Apotheke im Ortskern von Dalum ein fester Bestandteil der Gesundheitsversorgung in der Region. Wir verstehen uns als Ansprechpartner f\u00fcr alle, die Rat und Unterst\u00fctzung in Gesundheitsfragen suchen \u2013 sei&hellip; <a class=\"continue\" href=\"https:\/\/neu.marien-apotheke-dalum.de\/?page_id=10\">Continue Reading<span> \u00dcber uns<\/span><\/a><\/p>\n","protected":false},"author":1,"featured_media":0,"parent":0,"menu_order":0,"comment_status":"closed","ping_status":"closed","template":"full-width.php","meta":{"_acf_changed":false,"footnotes":""},"class_list":["post-10","page","type-page","status-publish","hentry"],"acf":[],"_links":{"self":[{"href":"https:\/\/neu.marien-apotheke-dalum.de\/index.php?rest_route=\/wp\/v2\/pages\/10","targetHints":{"allow":["GET"]}}],"collection":[{"href":"https:\/\/neu.marien-apotheke-dalum.de\/index.php?rest_route=\/wp\/v2\/pages"}],"about":[{"href":"https:\/\/neu.marien-apotheke-dalum.de\/index.php?rest_route=\/wp\/v2\/types\/page"}],"author":[{"embeddable":true,"href":"https:\/\/neu.marien-apotheke-dalum.de\/index.php?rest_route=\/wp\/v2\/users\/1"}],"replies":[{"embeddable":true,"href":"https:\/\/neu.marien-apotheke-dalum.de\/index.php?rest_route=%2Fwp%2Fv2%2Fcomments&post=10"}],"version-history":[{"count":112,"href":"https:\/\/neu.marien-apotheke-dalum.de\/index.php?rest_route=\/wp\/v2\/pages\/10\/revisions"}],"predecessor-version":[{"id":2163,"href":"https:\/\/neu.marien-apotheke-dalum.de\/index.php?rest_route=\/wp\/v2\/pages\/10\/revisions\/2163"}],"wp:attachment":[{"href":"https:\/\/neu.marien-apotheke-dalum.de\/index.php?rest_route=%2Fwp%2Fv2%2Fmedia&parent=10"}],"curies":[{"name":"wp","href":"https:\/\/api.w.org\/{rel}","templated":true}]}}